{"id":1048,"date":"2018-02-08T23:36:13","date_gmt":"2018-02-08T22:36:13","guid":{"rendered":"https:\/\/www.tkd-baindt.de\/wp\/?page_id=1048"},"modified":"2018-02-14T18:40:52","modified_gmt":"2018-02-14T17:40:52","slug":"guertel-und-graduierungssystem","status":"publish","type":"page","link":"https:\/\/www.tkd-baindt.de\/wp\/guertel-und-graduierungssystem\/","title":{"rendered":"G\u00fcrtel und Graduierungssystem"},"content":{"rendered":"<p>Erw\u00e4hnt werden soll hier als Erstes, dass die Erkennung des Ranges nicht der Hauptgrund ist, dass beim Taekwondo G\u00fcrtel getragen werden. Viel wichtiger ist, dass 3 Fingerbreiten unter dem Bauchnabel das oft in der asiatischen Philosophie genannte Zentrum liegt, das f\u00fcr die Entstehung der Lebenskraft (Chi) verantwortlich ist.<\/p>\n<p>An der richtigen Stelle und mit richtigem Druck gebunden erm\u00f6glicht es der G\u00fcrtel, nahezu den gesamten K\u00f6rper blitzartig anzuspannen, um zum Beispiel einen Tritt gezielt auszuf\u00fchren oder um einen Treffer \u201eeinzustecken\u201c. Dieses Ph\u00e4nomen kann man auch bei Gewichthebern beobachten, die den Kraftg\u00fcrtel nicht am Bauch tragen, sondern drei Fingerbreiten unter dem Bauchnabel.<\/p>\n<p>Die Graduierungs- beziehungsweise G\u00fcrtelsysteme der Kampfsportarten sind erst im 19. Jahrhundert entstanden und wurden erstmals vom Kan\u014d Jigor\u014d, dem Begr\u00fcnder des Judo eingef\u00fchrt. Aber auch schon in historischen Zeiten zeigten unterschiedliche Kleider- und G\u00fcrtelfarben verschiedene R\u00e4nge in der h\u00f6fischen Hierarchie an (sowohl in Asien als auch in Europa).<\/p>\n<p>Zu Beginn des modernen Taekwondo gab es nur vier G\u00fcrtelfarben: wei\u00df, blau, rot und schwarz, die Farben der Koreanischen Flagge. Diese wurden mittlerweile erg\u00e4nzt durch gelb, gr\u00fcn und braun. Das moderne Graduierungssystem dient vor allem dazu, den Trainings- und Wissensstand zu repr\u00e4sentieren. Die Aufstellung beim Taekwondo-Training wird aus praktischen Gr\u00fcnden im Block nach G\u00fcrtelfarben geordnet vorgenommen: rechts vorne steht der h\u00f6chstgraduierte, links hinten der niedrigste Grad.<\/p>\n<p>Die G\u00fcrtelgrade sind unterteilt in Sch\u00fclerklasse (Kup, Z\u00e4hlung abw\u00e4rts) und Meisterklasse (Dan oder Poom (WTF; nur 1.\u20133.) bei unter 15-j\u00e4hrigen, Z\u00e4hlung aufw\u00e4rts). Die Einteilung der Klassen ist je nach Verband unterschiedlich.<\/p>\n<p>Der Farbe der G\u00fcrtel liegt ebenfalls eine Symbolik zugrunde:<\/p>\n<ul>\n<li>Der wei\u00dfe G\u00fcrtel wird von Anf\u00e4ngern getragen, die noch unwissend sind und dem Taekwondo offen und wissbegierig gegen\u00fcberstehen.<\/li>\n<li>Der wei\u00dfgelbe G\u00fcrtel ist ein \u00dcbergang.<\/li>\n<li>Der gelbe G\u00fcrtel steht f\u00fcr fruchtbaren Erdboden, auf dem Wissen und K\u00f6nnen gedeihen sollen.<\/li>\n<li>Der gelbgr\u00fcne G\u00fcrtel ist ein \u00dcbergang.<\/li>\n<li>Der gr\u00fcne G\u00fcrtel symbolisiert die ersten Spr\u00f6sslinge und Fr\u00fcchte, Zeichen daf\u00fcr, dass sich die Trainingsanstrengungen gelohnt haben und etwas im Sch\u00fcler heranreift.<\/li>\n<li>Der gr\u00fcnblaue G\u00fcrtel ist ein \u00dcbergang.<\/li>\n<li>Der blaue G\u00fcrtel steht f\u00fcr den Himmel und somit sinnbildlich f\u00fcr eine Grenze. Der Sch\u00fcler muss nun zeigen, dass er in der Lage ist, H\u00f6heres anzustreben und auch zu erreichen.<\/li>\n<li>Der blaurote G\u00fcrtel ist ein \u00dcbergang.<\/li>\n<li>Der rote G\u00fcrtel repr\u00e4sentiert die Sonne, von der schon eine gro\u00dfe Kraft ausgeht, dient dem Sch\u00fcler aber auch als Signal. Er steht nun kurz davor, Meister zu werden, und wird angehalten, sich noch intensiver und ausdauernder mit dem Taekwondo zu besch\u00e4ftigen.<\/li>\n<li>Einige Schulen verwenden den braunen G\u00fcrtel an Stelle des roten G\u00fcrtels. Braun symbolisiert die Borke des Baumstammes, was bedeutet, dass die Techniken sich bereits gefestigt haben und der Sch\u00fcler kurz davor steht, Meister zu werden.<\/li>\n<li>Der rotschwarze G\u00fcrtel ist ein \u00dcbergang.<\/li>\n<li>Schwarz und auch der \u201eSchwarze G\u00fcrtel\u201c ist die Farbe der Meister und nur diesen vorbehalten. Schwarz, Symbol f\u00fcr das Weltall, vereinigt alle anderen Farben in sich und ist somit die st\u00e4rkste aller Farben. Schwarz soll auch die Autorit\u00e4t, das Wissen und die Erfahrung der Meister symbolisieren. Daher d\u00fcrfen auch nur Dan-Tr\u00e4ger Doboks mit einem schwarzen Revers tragen, so wie generell alle Verzierungen am Trainingsanzug in Schwarz nur den Meistern zustehen.<\/li>\n<\/ul>\n<p><img loading=\"lazy\" decoding=\"async\" class=\"aligncenter wp-image-1053 size-full\" src=\"https:\/\/www.tkd-baindt.de\/wp\/wp-content\/uploads\/Allgemein\/g\u00fcrtel.png\" alt=\"\" width=\"621\" height=\"352\" srcset=\"https:\/\/www.tkd-baindt.de\/wp\/wp-content\/uploads\/Allgemein\/g\u00fcrtel.png 621w, https:\/\/www.tkd-baindt.de\/wp\/wp-content\/uploads\/Allgemein\/g\u00fcrtel-300x170.png 300w\" sizes=\"auto, (max-width: 621px) 100vw, 621px\" \/><\/p>\n<hr>\n<h3>An dieser Stelle noch zwei Kurzanleitungen f\u00fcr unsere Einsteiger:<\/h3>\n<p><img loading=\"lazy\" decoding=\"async\" class=\"aligncenter wp_trainer_box size-full\" src=\"https:\/\/www.tkd-baindt.de\/wp\/wp-content\/uploads\/Allgemein\/G\u00fcrtel-binden.jpg\" alt=\"\" width=\"2403\" height=\"3399\"><\/p>\n<p><img loading=\"lazy\" decoding=\"async\" class=\"aligncenter wp_trainer_box size-full\" src=\"https:\/\/www.tkd-baindt.de\/wp\/wp-content\/uploads\/Allgemein\/tkd_G\u00fcrtel.jpg\" alt=\"\" width=\"446\" height=\"700\"><\/p>\n<hr>\n<p>Quelle:&nbsp;&nbsp;<a href=\"http:\/\/www.dtu.de\/\" target=\"_blank\" rel=\"noopener\">Deutsche Taekwondo Union<\/a><a href=\"http:\/\/www.dtu.de\/\" target=\"_blank\" rel=\"noopener\"><img loading=\"lazy\" decoding=\"async\" class=\"size-full wp-image-819 alignnone\" src=\"https:\/\/www.tkd-baindt.de\/wp\/wp-content\/uploads\/Allgemein\/dtu_logo.jpg\" alt=\"\" width=\"150\" height=\"150\"><\/a><\/p>\n","protected":false},"excerpt":{"rendered":"<p>Erw\u00e4hnt werden soll hier als Erstes, dass die Erkennung des Ranges nicht der Hauptgrund ist, dass beim Taekwondo G\u00fcrtel getragen werden. Viel wichtiger ist, dass 3 Fingerbreiten unter dem Bauchnabel das oft in der asiatischen Philosophie genannte Zentrum liegt, das f\u00fcr die Entstehung der Lebenskraft (Chi) verantwortlich ist. An der richtigen Stelle und mit richtigem [&hellip;]<\/p>\n","protected":false},"author":1,"featured_media":0,"parent":0,"menu_order":0,"comment_status":"closed","ping_status":"closed","template":"","meta":{"ngg_post_thumbnail":0,"footnotes":""},"class_list":["post-1048","page","type-page","status-publish","hentry"],"post_mailing_queue_ids":[],"_links":{"self":[{"href":"https:\/\/www.tkd-baindt.de\/wp\/wp-json\/wp\/v2\/pages\/1048","targetHints":{"allow":["GET"]}}],"collection":[{"href":"https:\/\/www.tkd-baindt.de\/wp\/wp-json\/wp\/v2\/pages"}],"about":[{"href":"https:\/\/www.tkd-baindt.de\/wp\/wp-json\/wp\/v2\/types\/page"}],"author":[{"embeddable":true,"href":"https:\/\/www.tkd-baindt.de\/wp\/wp-json\/wp\/v2\/users\/1"}],"replies":[{"embeddable":true,"href":"https:\/\/www.tkd-baindt.de\/wp\/wp-json\/wp\/v2\/comments?post=1048"}],"version-history":[{"count":10,"href":"https:\/\/www.tkd-baindt.de\/wp\/wp-json\/wp\/v2\/pages\/1048\/revisions"}],"predecessor-version":[{"id":1230,"href":"https:\/\/www.tkd-baindt.de\/wp\/wp-json\/wp\/v2\/pages\/1048\/revisions\/1230"}],"wp:attachment":[{"href":"https:\/\/www.tkd-baindt.de\/wp\/wp-json\/wp\/v2\/media?parent=1048"}],"curies":[{"name":"wp","href":"https:\/\/api.w.org\/{rel}","templated":true}]}}